{"id":233334,"date":"2025-01-08T08:42:41","date_gmt":"2025-01-08T08:42:41","guid":{"rendered":"https:\/\/euroserizzi.it\/kontakt\/"},"modified":"2025-05-05T10:27:13","modified_gmt":"2025-05-05T10:27:13","slug":"kontakt","status":"publish","type":"page","link":"https:\/\/euroserizzi.it\/de\/kontakt\/","title":{"rendered":"Kontakt"},"content":{"rendered":"<p>[et_pb_section fb_built=&#8220;1&#8243; custom_padding_last_edited=&#8220;on|desktop&#8220; admin_label=&#8220;Header&#8220; _builder_version=&#8220;4.27.4&#8243; use_background_color_gradient=&#8220;on&#8220; background_color_gradient_type=&#8220;circular&#8220; background_color_gradient_direction_radial=&#8220;top left&#8220; background_color_gradient_stops=&#8220;rgba(0,79,140,0.34) 0%|rgba(0,56,94,0.9) 50%&#8220; background_color_gradient_overlays_image=&#8220;on&#8220; background_color_gradient_start=&#8220;rgba(0,79,140,0.34)&#8220; background_color_gradient_end=&#8220;rgba(0,56,94,0.9)&#8220; background_color_gradient_end_position=&#8220;50%&#8220; background_image=&#8220;https:\/\/euroserizzi.it\/wp-content\/uploads\/2024\/12\/EuroSerizzi-Materiali-slide-01.webp&#8220; custom_padding=&#8220;10vh|0|12vh||false|false&#8220; custom_padding_tablet=&#8220;10vh||10vh||false&#8220; custom_padding_phone=&#8220;5vh||5vh||false&#8220; top_divider_color=&#8220;rgba(12,113,195,0.11)&#8220; top_divider_height=&#8220;750px&#8220; top_divider_flip=&#8220;horizontal&#8220; bottom_divider_style=&#8220;curve&#8220; bottom_divider_color=&#8220;#ffffff&#8220; bottom_divider_height=&#8220;3vw&#8220; bottom_divider_flip=&#8220;vertical&#8220; locked=&#8220;off&#8220; global_colors_info=&#8220;{}&#8220;][et_pb_row _builder_version=&#8220;4.16&#8243; global_colors_info=&#8220;{}&#8220;][et_pb_column type=&#8220;4_4&#8243; _builder_version=&#8220;4.16&#8243; custom_padding=&#8220;|||&#8220; global_colors_info=&#8220;{}&#8220; custom_padding__hover=&#8220;|||&#8220;][et_pb_text _builder_version=&#8220;4.27.4&#8243; text_font=&#8220;||||||||&#8220; ul_font=&#8220;||||||||&#8220; ol_font=&#8220;||||||||&#8220; header_font=&#8220;Vollkorn||||||||&#8220; header_font_size=&#8220;84px&#8220; header_letter_spacing=&#8220;1px&#8220; header_line_height=&#8220;1.2em&#8220; header_2_font=&#8220;Vollkorn||||||||&#8220; header_2_font_size=&#8220;44px&#8220; header_2_letter_spacing=&#8220;1px&#8220; header_2_line_height=&#8220;1.4em&#8220; header_3_font=&#8220;||||||||&#8220; header_3_font_size=&#8220;28px&#8220; header_4_font=&#8220;||||||||&#8220; header_5_font=&#8220;||||||||&#8220; header_6_font=&#8220;||||||||&#8220; background_layout=&#8220;dark&#8220; max_width=&#8220;800px&#8220; module_alignment=&#8220;left&#8220; custom_margin=&#8220;||20px|&#8220; animation_style=&#8220;slide&#8220; animation_direction=&#8220;left&#8220; animation_intensity_slide=&#8220;2%&#8220; header_font_size_tablet=&#8220;35px&#8220; header_font_size_phone=&#8220;30px&#8220; header_font_size_last_edited=&#8220;on|desktop&#8220; header_2_font_size_tablet=&#8220;35px&#8220; header_2_font_size_phone=&#8220;30px&#8220; header_2_font_size_last_edited=&#8220;on|desktop&#8220; global_colors_info=&#8220;{}&#8220;]<\/p>\n<h1>Kontaktieren Sie uns<\/h1>\n<h3>Seit 1982 produzieren und verarbeiten wir Stein<\/h3>\n<p>[\/et_pb_text][\/et_pb_column][\/et_pb_row][\/et_pb_section][et_pb_section fb_built=&#8220;1&#8243; admin_label=&#8220;Contact&#8220; _builder_version=&#8220;4.25.2&#8243; _module_preset=&#8220;default&#8220; background_enable_color=&#8220;off&#8220; locked=&#8220;off&#8220; global_colors_info=&#8220;{%22gcid-b6c4f12c-f25d-4f61-9fb1-6e96404634cd%22:%91%22background_color%22%93}&#8220;][et_pb_row column_structure=&#8220;1_2,1_2&#8243; _builder_version=&#8220;4.25.2&#8243; _module_preset=&#8220;default&#8220; max_width=&#8220;1320px&#8220; global_colors_info=&#8220;{}&#8220;][et_pb_column type=&#8220;1_2&#8243; _builder_version=&#8220;4.25.2&#8243; _module_preset=&#8220;default&#8220; global_colors_info=&#8220;{}&#8220;][et_pb_text _builder_version=&#8220;4.27.4&#8243; _module_preset=&#8220;417deb84-be65-48e7-b42d-61fe9860353c&#8220; global_colors_info=&#8220;{}&#8220;]Unsere E-Mail ist 24 Stunden am Tag, 7 Tage die Woche verf\u00fcgbar. Schreiben Sie uns, um uns Ihre W\u00fcnsche und Bed\u00fcrfnisse mitzuteilen. Ihre Anfrage hat f\u00fcr uns Vorrang und wir werden Ihnen so schnell wie m\u00f6glich antworten.[\/et_pb_text][et_pb_blurb title=&#8220;Labor und B\u00fcro&#8220; use_icon=&#8220;on&#8220; font_icon=&#8220;&#xf276;||fa||900&#8243; _builder_version=&#8220;4.27.4&#8243; _module_preset=&#8220;9fee2d4b-7ce0-475c-9847-1ba9a2964a21&#8243; global_colors_info=&#8220;{}&#8220;]<\/p>\n<p>28844 Villadossola (VB)<br \/><span>Via dell&#8217;Edilizia, 16 Villadossola<\/span><\/p>\n<p>[\/et_pb_blurb][et_pb_blurb title=&#8220;Tel&#8220; use_icon=&#8220;on&#8220; font_icon=&#8220;&#xf10b;||fa||900&#8243; _builder_version=&#8220;4.27.4&#8243; _module_preset=&#8220;9fee2d4b-7ce0-475c-9847-1ba9a2964a21&#8243; global_colors_info=&#8220;{}&#8220;]<\/p>\n<p>(+39) 0324 570349<\/p>\n<p>[\/et_pb_blurb][et_pb_blurb title=&#8220;E-Mail&#8220; use_icon=&#8220;on&#8220; font_icon=&#8220;&#xf658;||fa||900&#8243; _builder_version=&#8220;4.27.4&#8243; _module_preset=&#8220;9fee2d4b-7ce0-475c-9847-1ba9a2964a21&#8243; global_colors_info=&#8220;{}&#8220;]<\/p>\n<p>info@euroserizzi.com<\/p>\n<p>[\/et_pb_blurb][\/et_pb_column][et_pb_column type=&#8220;1_2&#8243; _builder_version=&#8220;4.25.2&#8243; _module_preset=&#8220;ffb4b83f-ac0f-4601-b836-16fb086c449b&#8220; global_colors_info=&#8220;{}&#8220;][et_pb_contact_form email=&#8220;info@euroserizzi.com&#8220; title=&#8220;Informationen anfordern&#8220; custom_message=&#8220;Eingehende Nachricht von Website-Kontaktformular|et_pb_line_break_holder||||et_pb_line_break_holder|Von: %%nome%%||et_pb_line_break_holder||Mail: %%email%%||et_pb_line_break_holder||||et_pb_line_break_holder|Nachrichtentext;||et_pb_line_break_holder||%%messaggio%%&#8220; submit_button_text=&#8220;Nachricht senden&#8220; _builder_version=&#8220;4.27.4&#8243; _module_preset=&#8220;dfeaff03-b73e-4274-accd-cc1acf6a5a4c&#8220; form_field_font=&#8220;||||||||&#8220; button_text_size=&#8220;20px&#8220; button_bg_color=&#8220;#57cc99&#8243; button_font=&#8220;Alata||||||||&#8220; button_custom_padding=&#8220;10px|40px|10px|40px|true|true&#8220; hover_enabled=&#8220;0&#8243; global_colors_info=&#8220;{%22#57cc99%22:%91%22button_bg_color%22%93,%22gcid-b6c4f12c-f25d-4f61-9fb1-6e96404634cd%22:%91%22background_color%22%93,%22gcid-2ebbc52c-9ee6-4712-a077-fcaec9b98540%22:%91%22button_bg_color%22%93}&#8220; sticky_enabled=&#8220;0&#8243;][et_pb_contact_field field_id=&#8220;nome&#8220; field_title=&#8220;Name&#8220; fullwidth_field=&#8220;on&#8220; _builder_version=&#8220;4.27.4&#8243; _module_preset=&#8220;default&#8220; global_colors_info=&#8220;{}&#8220; button_text_size__hover_enabled=&#8220;off&#8220; button_one_text_size__hover_enabled=&#8220;off&#8220; button_two_text_size__hover_enabled=&#8220;off&#8220; button_text_color__hover_enabled=&#8220;off&#8220; button_one_text_color__hover_enabled=&#8220;off&#8220; button_two_text_color__hover_enabled=&#8220;off&#8220; button_border_width__hover_enabled=&#8220;off&#8220; button_one_border_width__hover_enabled=&#8220;off&#8220; button_two_border_width__hover_enabled=&#8220;off&#8220; button_border_color__hover_enabled=&#8220;off&#8220; button_one_border_color__hover_enabled=&#8220;off&#8220; button_two_border_color__hover_enabled=&#8220;off&#8220; button_border_radius__hover_enabled=&#8220;off&#8220; button_one_border_radius__hover_enabled=&#8220;off&#8220; button_two_border_radius__hover_enabled=&#8220;off&#8220; button_letter_spacing__hover_enabled=&#8220;off&#8220; button_one_letter_spacing__hover_enabled=&#8220;off&#8220; button_two_letter_spacing__hover_enabled=&#8220;off&#8220; button_bg_color__hover_enabled=&#8220;off&#8220; button_one_bg_color__hover_enabled=&#8220;off&#8220; button_two_bg_color__hover_enabled=&#8220;off&#8220;][\/et_pb_contact_field][et_pb_contact_field field_id=&#8220;Email&#8220; field_title=&#8220;Mail&#8220; field_type=&#8220;email&#8220; fullwidth_field=&#8220;on&#8220; _builder_version=&#8220;4.27.4&#8243; _module_preset=&#8220;default&#8220; global_colors_info=&#8220;{}&#8220; button_text_size__hover_enabled=&#8220;off&#8220; button_one_text_size__hover_enabled=&#8220;off&#8220; button_two_text_size__hover_enabled=&#8220;off&#8220; button_text_color__hover_enabled=&#8220;off&#8220; button_one_text_color__hover_enabled=&#8220;off&#8220; button_two_text_color__hover_enabled=&#8220;off&#8220; button_border_width__hover_enabled=&#8220;off&#8220; button_one_border_width__hover_enabled=&#8220;off&#8220; button_two_border_width__hover_enabled=&#8220;off&#8220; button_border_color__hover_enabled=&#8220;off&#8220; button_one_border_color__hover_enabled=&#8220;off&#8220; button_two_border_color__hover_enabled=&#8220;off&#8220; button_border_radius__hover_enabled=&#8220;off&#8220; button_one_border_radius__hover_enabled=&#8220;off&#8220; button_two_border_radius__hover_enabled=&#8220;off&#8220; button_letter_spacing__hover_enabled=&#8220;off&#8220; button_one_letter_spacing__hover_enabled=&#8220;off&#8220; button_two_letter_spacing__hover_enabled=&#8220;off&#8220; button_bg_color__hover_enabled=&#8220;off&#8220; button_one_bg_color__hover_enabled=&#8220;off&#8220; button_two_bg_color__hover_enabled=&#8220;off&#8220;][\/et_pb_contact_field][et_pb_contact_field field_id=&#8220;messaggio&#8220; field_title=&#8220;Nachricht&#8220; field_type=&#8220;text&#8220; fullwidth_field=&#8220;on&#8220; _builder_version=&#8220;4.27.4&#8243; _module_preset=&#8220;default&#8220; global_colors_info=&#8220;{}&#8220; button_text_size__hover_enabled=&#8220;off&#8220; button_one_text_size__hover_enabled=&#8220;off&#8220; button_two_text_size__hover_enabled=&#8220;off&#8220; button_text_color__hover_enabled=&#8220;off&#8220; button_one_text_color__hover_enabled=&#8220;off&#8220; button_two_text_color__hover_enabled=&#8220;off&#8220; button_border_width__hover_enabled=&#8220;off&#8220; button_one_border_width__hover_enabled=&#8220;off&#8220; button_two_border_width__hover_enabled=&#8220;off&#8220; button_border_color__hover_enabled=&#8220;off&#8220; button_one_border_color__hover_enabled=&#8220;off&#8220; button_two_border_color__hover_enabled=&#8220;off&#8220; button_border_radius__hover_enabled=&#8220;off&#8220; button_one_border_radius__hover_enabled=&#8220;off&#8220; button_two_border_radius__hover_enabled=&#8220;off&#8220; button_letter_spacing__hover_enabled=&#8220;off&#8220; button_one_letter_spacing__hover_enabled=&#8220;off&#8220; button_two_letter_spacing__hover_enabled=&#8220;off&#8220; button_bg_color__hover_enabled=&#8220;off&#8220; button_one_bg_color__hover_enabled=&#8220;off&#8220; button_two_bg_color__hover_enabled=&#8220;off&#8220;][\/et_pb_contact_field][\/et_pb_contact_form][\/et_pb_column][\/et_pb_row][\/et_pb_section][et_pb_section fb_built=&#8220;1&#8243; admin_label=&#8220;Map&#8220; _builder_version=&#8220;4.27.4&#8243; _module_preset=&#8220;default&#8220; custom_margin=&#8220;||0px||false|false&#8220; custom_padding=&#8220;||0px||false|false&#8220; global_colors_info=&#8220;{}&#8220;][et_pb_row _builder_version=&#8220;4.27.4&#8243; _module_preset=&#8220;default&#8220; width=&#8220;100%&#8220; max_width=&#8220;100%&#8220; custom_margin=&#8220;||0px||false|false&#8220; custom_padding=&#8220;||0px||false|false&#8220; global_colors_info=&#8220;{}&#8220;][et_pb_column type=&#8220;4_4&#8243; _builder_version=&#8220;4.25.2&#8243; _module_preset=&#8220;default&#8220; global_colors_info=&#8220;{}&#8220;][et_pb_map zoom_level=&#8220;11&#8243; address_lat=&#8220;46.079078645761&#8243; address_lng=&#8220;8.274578400908&#8243; mouse_wheel=&#8220;off&#8220; _builder_version=&#8220;4.27.4&#8243; _module_preset=&#8220;default&#8220; height=&#8220;600px&#8220; filter_saturate=&#8220;0%&#8220; global_colors_info=&#8220;{}&#8220;][et_pb_map_pin pin_address=&#8220;Via dell&#8217;Edilizia, 28844 Villadossola VB, Italia&#8220; pin_address_lat=&#8220;46.0749648&#8243; pin_address_lng=&#8220;8.2735165&#8243; _builder_version=&#8220;4.27.4&#8243; _module_preset=&#8220;default&#8220; global_colors_info=&#8220;{}&#8220;][\/et_pb_map_pin][\/et_pb_map][\/et_pb_column][\/et_pb_row][\/et_pb_section]<\/p>\n","protected":false},"excerpt":{"rendered":"<p>Kontaktieren Sie uns Seit 1982 produzieren und verarbeiten wir SteinUnsere E-Mail ist 24 Stunden am Tag, 7 Tage die Woche verf\u00fcgbar. Schreiben Sie uns, um uns Ihre W\u00fcnsche und Bed\u00fcrfnisse mitzuteilen. Ihre Anfrage hat f\u00fcr uns Vorrang und wir werden Ihnen so schnell wie m\u00f6glich antworten.28844 Villadossola (VB)Via dell&#8217;Edilizia, 16 Villadossola(+39) 0324 570349info@euroserizzi.com<\/p>\n","protected":false},"author":1,"featured_media":0,"parent":0,"menu_order":0,"comment_status":"closed","ping_status":"closed","template":"","meta":{"_et_pb_use_builder":"on","_et_pb_old_content":"","_et_gb_content_width":"","footnotes":""},"class_list":["post-233334","page","type-page","status-publish","hentry"],"yoast_head":"<!-- This site is optimized with the Yoast SEO plugin v27.2 - https:\/\/yoast.com\/product\/yoast-seo-wordpress\/ -->\n<title>Kontakt - Euroserizzi<\/title>\n<meta name=\"robots\" content=\"index, follow, max-snippet:-1, max-image-preview:large, max-video-preview:-1\" \/>\n<link rel=\"canonical\" href=\"https:\/\/euroserizzi.it\/de\/kontakt\/\" \/>\n<meta property=\"og:locale\" content=\"de_DE\" \/>\n<meta property=\"og:type\" content=\"article\" \/>\n<meta property=\"og:title\" content=\"Kontakt - Euroserizzi\" \/>\n<meta property=\"og:description\" content=\"Kontaktieren Sie uns Seit 1982 produzieren und verarbeiten wir SteinUnsere E-Mail ist 24 Stunden am Tag, 7 Tage die Woche verf\u00fcgbar. Schreiben Sie uns, um uns Ihre W\u00fcnsche und Bed\u00fcrfnisse mitzuteilen. Ihre Anfrage hat f\u00fcr uns Vorrang und wir werden Ihnen so schnell wie m\u00f6glich antworten.28844 Villadossola (VB)Via dell&#039;Edilizia, 16 Villadossola(+39) 0324 570349info@euroserizzi.com\" \/>\n<meta property=\"og:url\" content=\"https:\/\/euroserizzi.it\/de\/kontakt\/\" \/>\n<meta property=\"og:site_name\" content=\"Euroserizzi\" \/>\n<meta property=\"article:publisher\" content=\"https:\/\/www.facebook.com\/profile.php?id=61550193233532\" \/>\n<meta property=\"article:modified_time\" content=\"2025-05-05T10:27:13+00:00\" \/>\n<meta name=\"twitter:card\" content=\"summary_large_image\" \/>\n<meta name=\"twitter:label1\" content=\"Gesch\u00e4tzte Lesezeit\" \/>\n\t<meta name=\"twitter:data1\" content=\"6\u00a0Minuten\" \/>\n<script type=\"application\/ld+json\" class=\"yoast-schema-graph\">{\"@context\":\"https:\/\/schema.org\",\"@graph\":[{\"@type\":\"WebPage\",\"@id\":\"https:\/\/euroserizzi.it\/de\/kontakt\/\",\"url\":\"https:\/\/euroserizzi.it\/de\/kontakt\/\",\"name\":\"Kontakt - Euroserizzi\",\"isPartOf\":{\"@id\":\"https:\/\/euroserizzi.it\/de\/#website\"},\"datePublished\":\"2025-01-08T08:42:41+00:00\",\"dateModified\":\"2025-05-05T10:27:13+00:00\",\"breadcrumb\":{\"@id\":\"https:\/\/euroserizzi.it\/de\/kontakt\/#breadcrumb\"},\"inLanguage\":\"de\",\"potentialAction\":[{\"@type\":\"ReadAction\",\"target\":[\"https:\/\/euroserizzi.it\/de\/kontakt\/\"]}]},{\"@type\":\"BreadcrumbList\",\"@id\":\"https:\/\/euroserizzi.it\/de\/kontakt\/#breadcrumb\",\"itemListElement\":[{\"@type\":\"ListItem\",\"position\":1,\"name\":\"Home\",\"item\":\"https:\/\/euroserizzi.it\/de\/hauptseite\/\"},{\"@type\":\"ListItem\",\"position\":2,\"name\":\"Kontakt\"}]},{\"@type\":\"WebSite\",\"@id\":\"https:\/\/euroserizzi.it\/de\/#website\",\"url\":\"https:\/\/euroserizzi.it\/de\/\",\"name\":\"Euroserizzi\",\"description\":\"Lavorare la pietra\",\"publisher\":{\"@id\":\"https:\/\/euroserizzi.it\/de\/#organization\"},\"potentialAction\":[{\"@type\":\"SearchAction\",\"target\":{\"@type\":\"EntryPoint\",\"urlTemplate\":\"https:\/\/euroserizzi.it\/de\/?s={search_term_string}\"},\"query-input\":{\"@type\":\"PropertyValueSpecification\",\"valueRequired\":true,\"valueName\":\"search_term_string\"}}],\"inLanguage\":\"de\"},{\"@type\":\"Organization\",\"@id\":\"https:\/\/euroserizzi.it\/de\/#organization\",\"name\":\"Euroserizzi\",\"url\":\"https:\/\/euroserizzi.it\/de\/\",\"logo\":{\"@type\":\"ImageObject\",\"inLanguage\":\"de\",\"@id\":\"https:\/\/euroserizzi.it\/de\/#\/schema\/logo\/image\/\",\"url\":\"https:\/\/euroserizzi.it\/wp-content\/uploads\/2024\/06\/Euroserizzi-Logo-lo.webp\",\"contentUrl\":\"https:\/\/euroserizzi.it\/wp-content\/uploads\/2024\/06\/Euroserizzi-Logo-lo.webp\",\"width\":300,\"height\":61,\"caption\":\"Euroserizzi\"},\"image\":{\"@id\":\"https:\/\/euroserizzi.it\/de\/#\/schema\/logo\/image\/\"},\"sameAs\":[\"https:\/\/www.facebook.com\/profile.php?id=61550193233532\",\"https:\/\/www.instagram.com\/euroserizzi\/\"]}]}<\/script>\n<!-- \/ Yoast SEO plugin. -->","yoast_head_json":{"title":"Kontakt - Euroserizzi","robots":{"index":"index","follow":"follow","max-snippet":"max-snippet:-1","max-image-preview":"max-image-preview:large","max-video-preview":"max-video-preview:-1"},"canonical":"https:\/\/euroserizzi.it\/de\/kontakt\/","og_locale":"de_DE","og_type":"article","og_title":"Kontakt - Euroserizzi","og_description":"Kontaktieren Sie uns Seit 1982 produzieren und verarbeiten wir SteinUnsere E-Mail ist 24 Stunden am Tag, 7 Tage die Woche verf\u00fcgbar. Schreiben Sie uns, um uns Ihre W\u00fcnsche und Bed\u00fcrfnisse mitzuteilen. Ihre Anfrage hat f\u00fcr uns Vorrang und wir werden Ihnen so schnell wie m\u00f6glich antworten.28844 Villadossola (VB)Via dell'Edilizia, 16 Villadossola(+39) 0324 570349info@euroserizzi.com","og_url":"https:\/\/euroserizzi.it\/de\/kontakt\/","og_site_name":"Euroserizzi","article_publisher":"https:\/\/www.facebook.com\/profile.php?id=61550193233532","article_modified_time":"2025-05-05T10:27:13+00:00","twitter_card":"summary_large_image","twitter_misc":{"Gesch\u00e4tzte Lesezeit":"6\u00a0Minuten"},"schema":{"@context":"https:\/\/schema.org","@graph":[{"@type":"WebPage","@id":"https:\/\/euroserizzi.it\/de\/kontakt\/","url":"https:\/\/euroserizzi.it\/de\/kontakt\/","name":"Kontakt - Euroserizzi","isPartOf":{"@id":"https:\/\/euroserizzi.it\/de\/#website"},"datePublished":"2025-01-08T08:42:41+00:00","dateModified":"2025-05-05T10:27:13+00:00","breadcrumb":{"@id":"https:\/\/euroserizzi.it\/de\/kontakt\/#breadcrumb"},"inLanguage":"de","potentialAction":[{"@type":"ReadAction","target":["https:\/\/euroserizzi.it\/de\/kontakt\/"]}]},{"@type":"BreadcrumbList","@id":"https:\/\/euroserizzi.it\/de\/kontakt\/#breadcrumb","itemListElement":[{"@type":"ListItem","position":1,"name":"Home","item":"https:\/\/euroserizzi.it\/de\/hauptseite\/"},{"@type":"ListItem","position":2,"name":"Kontakt"}]},{"@type":"WebSite","@id":"https:\/\/euroserizzi.it\/de\/#website","url":"https:\/\/euroserizzi.it\/de\/","name":"Euroserizzi","description":"Lavorare la pietra","publisher":{"@id":"https:\/\/euroserizzi.it\/de\/#organization"},"potentialAction":[{"@type":"SearchAction","target":{"@type":"EntryPoint","urlTemplate":"https:\/\/euroserizzi.it\/de\/?s={search_term_string}"},"query-input":{"@type":"PropertyValueSpecification","valueRequired":true,"valueName":"search_term_string"}}],"inLanguage":"de"},{"@type":"Organization","@id":"https:\/\/euroserizzi.it\/de\/#organization","name":"Euroserizzi","url":"https:\/\/euroserizzi.it\/de\/","logo":{"@type":"ImageObject","inLanguage":"de","@id":"https:\/\/euroserizzi.it\/de\/#\/schema\/logo\/image\/","url":"https:\/\/euroserizzi.it\/wp-content\/uploads\/2024\/06\/Euroserizzi-Logo-lo.webp","contentUrl":"https:\/\/euroserizzi.it\/wp-content\/uploads\/2024\/06\/Euroserizzi-Logo-lo.webp","width":300,"height":61,"caption":"Euroserizzi"},"image":{"@id":"https:\/\/euroserizzi.it\/de\/#\/schema\/logo\/image\/"},"sameAs":["https:\/\/www.facebook.com\/profile.php?id=61550193233532","https:\/\/www.instagram.com\/euroserizzi\/"]}]}},"_links":{"self":[{"href":"https:\/\/euroserizzi.it\/de\/wp-json\/wp\/v2\/pages\/233334","targetHints":{"allow":["GET"]}}],"collection":[{"href":"https:\/\/euroserizzi.it\/de\/wp-json\/wp\/v2\/pages"}],"about":[{"href":"https:\/\/euroserizzi.it\/de\/wp-json\/wp\/v2\/types\/page"}],"author":[{"embeddable":true,"href":"https:\/\/euroserizzi.it\/de\/wp-json\/wp\/v2\/users\/1"}],"replies":[{"embeddable":true,"href":"https:\/\/euroserizzi.it\/de\/wp-json\/wp\/v2\/comments?post=233334"}],"version-history":[{"count":4,"href":"https:\/\/euroserizzi.it\/de\/wp-json\/wp\/v2\/pages\/233334\/revisions"}],"predecessor-version":[{"id":233692,"href":"https:\/\/euroserizzi.it\/de\/wp-json\/wp\/v2\/pages\/233334\/revisions\/233692"}],"wp:attachment":[{"href":"https:\/\/euroserizzi.it\/de\/wp-json\/wp\/v2\/media?parent=233334"}],"curies":[{"name":"wp","href":"https:\/\/api.w.org\/{rel}","templated":true}]}}