{"id":233318,"date":"2024-12-23T17:59:22","date_gmt":"2024-12-23T17:59:22","guid":{"rendered":"https:\/\/euroserizzi.it\/cookie-richtlinie\/"},"modified":"2025-04-16T16:57:03","modified_gmt":"2025-04-16T16:57:03","slug":"cookie-richtlinie","status":"publish","type":"page","link":"https:\/\/euroserizzi.it\/de\/cookie-richtlinie\/","title":{"rendered":"Cookie-Richtlinie"},"content":{"rendered":"<p>[et_pb_section fb_built=&#8220;1&#8243; _builder_version=&#8220;4.27.0&#8243; _module_preset=&#8220;default&#8220; global_colors_info=&#8220;{}&#8220; theme_builder_area=&#8220;post_content&#8220;][et_pb_row _builder_version=&#8220;4.27.0&#8243; _module_preset=&#8220;default&#8220; global_colors_info=&#8220;{}&#8220; theme_builder_area=&#8220;post_content&#8220;][et_pb_column type=&#8220;4_4&#8243; _builder_version=&#8220;4.27.0&#8243; _module_preset=&#8220;default&#8220; global_colors_info=&#8220;{}&#8220; theme_builder_area=&#8220;post_content&#8220;][et_pb_text _builder_version=&#8220;4.27.4&#8243; _module_preset=&#8220;default&#8220; header_2_text_align=&#8220;center&#8220; hover_enabled=&#8220;0&#8243; global_colors_info=&#8220;{}&#8220; theme_builder_area=&#8220;post_content&#8220; sticky_enabled=&#8220;0&#8243;]<\/p>\n<h2>Erweiterte Informationen \u00fcber die Verwendung von Cookies. G\u00fcltig ab 01-01-2024 <\/h2>\n<p><strong>VORWORT<\/strong><\/p>\n<p>Diese Cookie-Richtlinie wird f\u00fcr die Website <strong>euroserizzi.it<\/strong> (Website) erstellt. Sie wurde unter Ber\u00fccksichtigung der Bestimmungen der europ\u00e4ischen Verordnung 679\/2016 \u00fcber den Schutz personenbezogener Daten (GDPR), des Datenschutzgesetzes (Gesetzesdekret Nr. 196 vom 30. Juni 2003) und der Richtlinien des Datenschutzgaranten (insbesondere der Richtlinien zur Verwendung von Cookies vom 10. Juli 2021) erstellt. <\/p>\n<p>Inhaber der Datenverarbeitung: <strong>Euroserizzi S.r.l.<\/strong><\/p>\n<p><strong>ALLGEMEINE INFORMATIONEN<\/strong><\/p>\n<p><strong>Was sind Cookies und wof\u00fcr werden sie verwendet?<\/strong><\/p>\n<p>Ein Cookie ist eine Textdatei, die eine vom Benutzer besuchte Website an sein Endger\u00e4t (Computer, mobiles Ger\u00e4t wie ein Smartphone oder Tablet) sendet, wo sie gespeichert wird, um bei einem sp\u00e4teren Besuch der Website wieder an diese \u00fcbertragen zu werden.<\/p>\n<p><strong>Cookies werden voneinander unterschieden:<\/strong><\/p>\n<p>auf der Grundlage des Unternehmens, das sie installiert, je nachdem, ob es sich um denselben Betreiber der besuchten Website (so genannte &#8222;First-Party-Cookies&#8220;) oder um ein anderes Unternehmen (so genannte &#8222;Third-Party-Cookies&#8220;) handelt;<br \/>auf der Grundlage des Zwecks jedes einzelnen Cookies: Einige Cookies erm\u00f6glichen eine bessere Navigation, indem sie bestimmte Entscheidungen des Benutzers, wie z.B. die Sprache, speichern (so genannte &#8222;technische Cookies&#8220;), andere Cookies erm\u00f6glichen die \u00dcberwachung der Navigation des Benutzers, auch zum Zweck der Zusendung von Werbung und\/oder des Angebots von Diensten, die den Pr\u00e4ferenzen des Benutzers entsprechen (so genannte &#8222;Profilierungs-Cookies&#8220;).<\/p>\n<p>Nur profilierende Cookies erfordern die vorherige Zustimmung des Nutzers zu ihrer Verwendung.<\/p>\n<p>Der Data Controller ist nur f\u00fcr die von ihm auf der Website installierten Erstanbieter-Cookies verantwortlich.<\/p>\n<p>Unter &#8218;Technische Erstanbieter-Cookies&#8216; k\u00f6nnen Sie die Arten von technischen Erstanbieter-Cookies einsehen, die von der Website ausgegeben werden.<\/p>\n<p>Die Verwaltung von Profilierungs-Cookies wird unter &#8218;Profilierungs-Cookies von Dritten&#8216; beschrieben.<\/p>\n<p>Sie k\u00f6nnen Cookies jedoch auch \u00fcber die Optionen Ihres Browsers aktivieren\/deaktivieren:<\/p>\n<p><strong>Internet Explorer<\/strong><\/p>\n<p>W\u00e4hlen Sie das Men\u00fc Extras und dann Internetoptionen.<\/p>\n<p>Klicken Sie auf Datenschutz und dann auf Erweitert.<\/p>\n<p>W\u00e4hlen Sie im Cookie-Fenster Ihre Einstellungen.<\/p>\n<p><strong>Google Chrome<\/strong><\/p>\n<p>Klicken Sie auf das Chrome-Men\u00fc, das der Schaltfl\u00e4che in der oberen rechten Ecke entspricht.<\/p>\n<p>W\u00e4hlen Sie Einstellungen und klicken Sie dann auf Erweitert.<\/p>\n<p>Klicken Sie im Abschnitt Datenschutz und Sicherheit auf die Schaltfl\u00e4che Inhaltseinstellungen.<\/p>\n<p>W\u00e4hlen Sie Ihre bevorzugten Optionen im Abschnitt Cookie.<\/p>\n<p><strong>Firefox<\/strong><\/p>\n<p>Klicken Sie auf Extras und dann auf das Men\u00fc Optionen.<\/p>\n<p>Klicken Sie auf die Einstellungen f\u00fcr Datenschutz und Sicherheit.<\/p>\n<p>W\u00e4hlen Sie Benutzerdefinierte Einstellungen f\u00fcr den Verlauf verwenden.<\/p>\n<p>W\u00e4hlen Sie Ihre bevorzugten Optionen im Abschnitt Cookies und Daten von Websites akzeptieren.<\/p>\n<p><strong>Safari<\/strong><\/p>\n<p>Klicken Sie auf Safari und dann auf Pr\u00e4ferenzen.<\/p>\n<p>Klicken Sie auf den Abschnitt Datenschutz und Sicherheit.<\/p>\n<p>Gehen Sie zu Cookies blockieren und w\u00e4hlen Sie Ihre bevorzugten Optionen.<\/p>\n<p><strong>Technische Cookies der ersten Partei<\/strong><\/p>\n<p>Diese Cookies sind f\u00fcr den Betrieb der Website erforderlich und k\u00f6nnen nicht deaktiviert werden. Sie werden in der Regel als Antwort auf Aktionen definiert, die eine Anfrage nach Dienstleistungen darstellen, wie z.B. die Einstellung von Cookie-Pr\u00e4ferenzen, der Zugriff auf oder das Ausf\u00fcllen von Formularen, Browsing-Pr\u00e4ferenzen. <\/p>\n<p>Die Website vergibt Navigations- oder Sitzungscookies, die eine normale Navigation und Nutzung der Website gew\u00e4hrleisten.<br \/>Technische Cookies werden ebenfalls verwendet, um Ihnen die Navigation auf der Website zu erm\u00f6glichen und dabei die von Ihnen getroffenen Entscheidungen beizubehalten.<\/p>\n<p><strong>Profilierungs-Cookies von Dritten<\/strong><\/p>\n<p>Die Website verwendet keine Profilierungs-, Werbe- oder statistischen Cookies.<\/p>\n<p><strong>Ihre Rechte<\/strong><\/p>\n<p>Gem\u00e4\u00df Artikel 13 der DSGVO informiert Sie der f\u00fcr die Datenverarbeitung Verantwortliche dar\u00fcber, dass Sie das Recht haben: <\/p>\n<p>von dem f\u00fcr die Verarbeitung Verantwortlichen Auskunft \u00fcber Ihre personenbezogenen Daten und deren Berichtigung oder L\u00f6schung oder die Einschr\u00e4nkung der Verarbeitung Ihrer personenbezogenen Daten zu verlangen oder gegen deren Verarbeitung Widerspruch einzulegen, sowie das Recht auf Daten\u00fcbertragbarkeit<br \/>die Einwilligung jederzeit zu widerrufen, ohne dass die Rechtm\u00e4\u00dfigkeit der Verarbeitung aufgrund der vor dem Widerruf erteilten Einwilligung ber\u00fchrt wird<br \/>eine Beschwerde bei einer Aufsichtsbeh\u00f6rde (z.B. der Datenschutzbeh\u00f6rde) einzureichen.<\/p>\n<p>Die vorgenannten Rechte k\u00f6nnen durch eine formlose Anfrage an die in der Pr\u00e4ambel genannten Kontaktpersonen ausge\u00fcbt werden.<\/p>\n<p><strong>Datenkommunikation<\/strong><\/p>\n<p>Der Data Controller gibt keine Informationen, die sich aus der Verwendung von Cookies ergeben, an Dritte weiter.<\/p>\n<p><strong>Aufbewahrung von Informationen<\/strong><\/p>\n<p>Daten aus technischen Cookies werden so lange gespeichert, wie es notwendig ist, um den Dienst zu erm\u00f6glichen, auf den sich das jeweilige technische Cookie bezieht.<\/p>\n<p>[\/et_pb_text][\/et_pb_column][\/et_pb_row][\/et_pb_section]<\/p>\n","protected":false},"excerpt":{"rendered":"<p>Erweiterte Informationen \u00fcber die Verwendung von Cookies. G\u00fcltig ab 01-01-2024 VORWORT Diese Cookie-Richtlinie wird f\u00fcr die Website euroserizzi.it (Website) erstellt. Sie wurde unter Ber\u00fccksichtigung der Bestimmungen der europ\u00e4ischen Verordnung 679\/2016 \u00fcber den Schutz personenbezogener Daten (GDPR), des Datenschutzgesetzes (Gesetzesdekret Nr. 196 vom 30. Juni 2003) und der Richtlinien des Datenschutzgaranten (insbesondere der Richtlinien zur Verwendung [&hellip;]<\/p>\n","protected":false},"author":1,"featured_media":0,"parent":0,"menu_order":0,"comment_status":"closed","ping_status":"closed","template":"","meta":{"_et_pb_use_builder":"on","_et_pb_old_content":"","_et_gb_content_width":"","footnotes":""},"class_list":["post-233318","page","type-page","status-publish","hentry"],"yoast_head":"<!-- This site is optimized with the Yoast SEO plugin v27.2 - https:\/\/yoast.com\/product\/yoast-seo-wordpress\/ -->\n<title>Cookie-Richtlinie - Euroserizzi<\/title>\n<meta name=\"robots\" content=\"index, follow, max-snippet:-1, max-image-preview:large, max-video-preview:-1\" \/>\n<link rel=\"canonical\" href=\"https:\/\/euroserizzi.it\/de\/cookie-richtlinie\/\" \/>\n<meta property=\"og:locale\" content=\"de_DE\" \/>\n<meta property=\"og:type\" content=\"article\" \/>\n<meta property=\"og:title\" content=\"Cookie-Richtlinie - Euroserizzi\" \/>\n<meta property=\"og:description\" content=\"Erweiterte Informationen \u00fcber die Verwendung von Cookies. G\u00fcltig ab 01-01-2024 VORWORT Diese Cookie-Richtlinie wird f\u00fcr die Website euroserizzi.it (Website) erstellt. Sie wurde unter Ber\u00fccksichtigung der Bestimmungen der europ\u00e4ischen Verordnung 679\/2016 \u00fcber den Schutz personenbezogener Daten (GDPR), des Datenschutzgesetzes (Gesetzesdekret Nr. 196 vom 30. Juni 2003) und der Richtlinien des Datenschutzgaranten (insbesondere der Richtlinien zur Verwendung [&hellip;]\" \/>\n<meta property=\"og:url\" content=\"https:\/\/euroserizzi.it\/de\/cookie-richtlinie\/\" \/>\n<meta property=\"og:site_name\" content=\"Euroserizzi\" \/>\n<meta property=\"article:publisher\" content=\"https:\/\/www.facebook.com\/profile.php?id=61550193233532\" \/>\n<meta property=\"article:modified_time\" content=\"2025-04-16T16:57:03+00:00\" \/>\n<meta name=\"twitter:card\" content=\"summary_large_image\" \/>\n<meta name=\"twitter:label1\" content=\"Gesch\u00e4tzte Lesezeit\" \/>\n\t<meta name=\"twitter:data1\" content=\"4\u00a0Minuten\" \/>\n<script type=\"application\/ld+json\" class=\"yoast-schema-graph\">{\"@context\":\"https:\/\/schema.org\",\"@graph\":[{\"@type\":\"WebPage\",\"@id\":\"https:\/\/euroserizzi.it\/de\/cookie-richtlinie\/\",\"url\":\"https:\/\/euroserizzi.it\/de\/cookie-richtlinie\/\",\"name\":\"Cookie-Richtlinie - Euroserizzi\",\"isPartOf\":{\"@id\":\"https:\/\/euroserizzi.it\/de\/#website\"},\"datePublished\":\"2024-12-23T17:59:22+00:00\",\"dateModified\":\"2025-04-16T16:57:03+00:00\",\"breadcrumb\":{\"@id\":\"https:\/\/euroserizzi.it\/de\/cookie-richtlinie\/#breadcrumb\"},\"inLanguage\":\"de\",\"potentialAction\":[{\"@type\":\"ReadAction\",\"target\":[\"https:\/\/euroserizzi.it\/de\/cookie-richtlinie\/\"]}]},{\"@type\":\"BreadcrumbList\",\"@id\":\"https:\/\/euroserizzi.it\/de\/cookie-richtlinie\/#breadcrumb\",\"itemListElement\":[{\"@type\":\"ListItem\",\"position\":1,\"name\":\"Home\",\"item\":\"https:\/\/euroserizzi.it\/de\/hauptseite\/\"},{\"@type\":\"ListItem\",\"position\":2,\"name\":\"Cookie-Richtlinie\"}]},{\"@type\":\"WebSite\",\"@id\":\"https:\/\/euroserizzi.it\/de\/#website\",\"url\":\"https:\/\/euroserizzi.it\/de\/\",\"name\":\"Euroserizzi\",\"description\":\"Lavorare la pietra\",\"publisher\":{\"@id\":\"https:\/\/euroserizzi.it\/de\/#organization\"},\"potentialAction\":[{\"@type\":\"SearchAction\",\"target\":{\"@type\":\"EntryPoint\",\"urlTemplate\":\"https:\/\/euroserizzi.it\/de\/?s={search_term_string}\"},\"query-input\":{\"@type\":\"PropertyValueSpecification\",\"valueRequired\":true,\"valueName\":\"search_term_string\"}}],\"inLanguage\":\"de\"},{\"@type\":\"Organization\",\"@id\":\"https:\/\/euroserizzi.it\/de\/#organization\",\"name\":\"Euroserizzi\",\"url\":\"https:\/\/euroserizzi.it\/de\/\",\"logo\":{\"@type\":\"ImageObject\",\"inLanguage\":\"de\",\"@id\":\"https:\/\/euroserizzi.it\/de\/#\/schema\/logo\/image\/\",\"url\":\"https:\/\/euroserizzi.it\/wp-content\/uploads\/2024\/06\/Euroserizzi-Logo-lo.webp\",\"contentUrl\":\"https:\/\/euroserizzi.it\/wp-content\/uploads\/2024\/06\/Euroserizzi-Logo-lo.webp\",\"width\":300,\"height\":61,\"caption\":\"Euroserizzi\"},\"image\":{\"@id\":\"https:\/\/euroserizzi.it\/de\/#\/schema\/logo\/image\/\"},\"sameAs\":[\"https:\/\/www.facebook.com\/profile.php?id=61550193233532\",\"https:\/\/www.instagram.com\/euroserizzi\/\"]}]}<\/script>\n<!-- \/ Yoast SEO plugin. -->","yoast_head_json":{"title":"Cookie-Richtlinie - Euroserizzi","robots":{"index":"index","follow":"follow","max-snippet":"max-snippet:-1","max-image-preview":"max-image-preview:large","max-video-preview":"max-video-preview:-1"},"canonical":"https:\/\/euroserizzi.it\/de\/cookie-richtlinie\/","og_locale":"de_DE","og_type":"article","og_title":"Cookie-Richtlinie - Euroserizzi","og_description":"Erweiterte Informationen \u00fcber die Verwendung von Cookies. G\u00fcltig ab 01-01-2024 VORWORT Diese Cookie-Richtlinie wird f\u00fcr die Website euroserizzi.it (Website) erstellt. Sie wurde unter Ber\u00fccksichtigung der Bestimmungen der europ\u00e4ischen Verordnung 679\/2016 \u00fcber den Schutz personenbezogener Daten (GDPR), des Datenschutzgesetzes (Gesetzesdekret Nr. 196 vom 30. Juni 2003) und der Richtlinien des Datenschutzgaranten (insbesondere der Richtlinien zur Verwendung [&hellip;]","og_url":"https:\/\/euroserizzi.it\/de\/cookie-richtlinie\/","og_site_name":"Euroserizzi","article_publisher":"https:\/\/www.facebook.com\/profile.php?id=61550193233532","article_modified_time":"2025-04-16T16:57:03+00:00","twitter_card":"summary_large_image","twitter_misc":{"Gesch\u00e4tzte Lesezeit":"4\u00a0Minuten"},"schema":{"@context":"https:\/\/schema.org","@graph":[{"@type":"WebPage","@id":"https:\/\/euroserizzi.it\/de\/cookie-richtlinie\/","url":"https:\/\/euroserizzi.it\/de\/cookie-richtlinie\/","name":"Cookie-Richtlinie - Euroserizzi","isPartOf":{"@id":"https:\/\/euroserizzi.it\/de\/#website"},"datePublished":"2024-12-23T17:59:22+00:00","dateModified":"2025-04-16T16:57:03+00:00","breadcrumb":{"@id":"https:\/\/euroserizzi.it\/de\/cookie-richtlinie\/#breadcrumb"},"inLanguage":"de","potentialAction":[{"@type":"ReadAction","target":["https:\/\/euroserizzi.it\/de\/cookie-richtlinie\/"]}]},{"@type":"BreadcrumbList","@id":"https:\/\/euroserizzi.it\/de\/cookie-richtlinie\/#breadcrumb","itemListElement":[{"@type":"ListItem","position":1,"name":"Home","item":"https:\/\/euroserizzi.it\/de\/hauptseite\/"},{"@type":"ListItem","position":2,"name":"Cookie-Richtlinie"}]},{"@type":"WebSite","@id":"https:\/\/euroserizzi.it\/de\/#website","url":"https:\/\/euroserizzi.it\/de\/","name":"Euroserizzi","description":"Lavorare la pietra","publisher":{"@id":"https:\/\/euroserizzi.it\/de\/#organization"},"potentialAction":[{"@type":"SearchAction","target":{"@type":"EntryPoint","urlTemplate":"https:\/\/euroserizzi.it\/de\/?s={search_term_string}"},"query-input":{"@type":"PropertyValueSpecification","valueRequired":true,"valueName":"search_term_string"}}],"inLanguage":"de"},{"@type":"Organization","@id":"https:\/\/euroserizzi.it\/de\/#organization","name":"Euroserizzi","url":"https:\/\/euroserizzi.it\/de\/","logo":{"@type":"ImageObject","inLanguage":"de","@id":"https:\/\/euroserizzi.it\/de\/#\/schema\/logo\/image\/","url":"https:\/\/euroserizzi.it\/wp-content\/uploads\/2024\/06\/Euroserizzi-Logo-lo.webp","contentUrl":"https:\/\/euroserizzi.it\/wp-content\/uploads\/2024\/06\/Euroserizzi-Logo-lo.webp","width":300,"height":61,"caption":"Euroserizzi"},"image":{"@id":"https:\/\/euroserizzi.it\/de\/#\/schema\/logo\/image\/"},"sameAs":["https:\/\/www.facebook.com\/profile.php?id=61550193233532","https:\/\/www.instagram.com\/euroserizzi\/"]}]}},"_links":{"self":[{"href":"https:\/\/euroserizzi.it\/de\/wp-json\/wp\/v2\/pages\/233318","targetHints":{"allow":["GET"]}}],"collection":[{"href":"https:\/\/euroserizzi.it\/de\/wp-json\/wp\/v2\/pages"}],"about":[{"href":"https:\/\/euroserizzi.it\/de\/wp-json\/wp\/v2\/types\/page"}],"author":[{"embeddable":true,"href":"https:\/\/euroserizzi.it\/de\/wp-json\/wp\/v2\/users\/1"}],"replies":[{"embeddable":true,"href":"https:\/\/euroserizzi.it\/de\/wp-json\/wp\/v2\/comments?post=233318"}],"version-history":[{"count":2,"href":"https:\/\/euroserizzi.it\/de\/wp-json\/wp\/v2\/pages\/233318\/revisions"}],"predecessor-version":[{"id":233370,"href":"https:\/\/euroserizzi.it\/de\/wp-json\/wp\/v2\/pages\/233318\/revisions\/233370"}],"wp:attachment":[{"href":"https:\/\/euroserizzi.it\/de\/wp-json\/wp\/v2\/media?parent=233318"}],"curies":[{"name":"wp","href":"https:\/\/api.w.org\/{rel}","templated":true}]}}